{"id":79,"date":"2014-09-30T11:54:30","date_gmt":"2014-09-30T11:54:30","guid":{"rendered":"http:\/\/themes.muffingroup.com\/be\/plumber\/?page_id=2"},"modified":"2023-01-30T22:27:17","modified_gmt":"2023-01-30T19:27:17","slug":"izmir-kalite-ilaclama","status":"publish","type":"page","link":"https:\/\/izmirkaliteilaclama.com\/","title":{"rendered":"\u0130zmir Kalite \u0130la\u00e7lama &#038; Dezenfeksiyon"},"content":{"rendered":"\n<p><\/p>\n\n\n\n<h2 class=\"wp-block-heading\"><\/h2>\n","protected":false},"excerpt":{"rendered":"","protected":false},"author":1,"featured_media":0,"parent":0,"menu_order":0,"comment_status":"open","ping_status":"open","template":"","meta":{"footnotes":""},"yoast_head":"<!-- This site is optimized with the Yoast SEO plugin v19.13 - https:\/\/yoast.com\/wordpress\/plugins\/seo\/ -->\n<title>\u0130zmir Kalite \u0130la\u00e7lama &amp; Dezenfeksiyon - \u0130zmir Kalite Ha\u015fere, B\u00f6cek \u0130la\u00e7lama &amp; Dezenfeksiyon<\/title>\n<meta name=\"description\" content=\"\u0130zmirde ha\u015fere ve dezenfeksiyon hizmeti vermekteyiz. Granti sonu\u00e7lar i\u00e7in izmir kalite ila\u00e7lama ve dezenfeksiyon firmas\u0131 ile ileti\u015fime ge\u00e7in.\" \/>\n<meta name=\"robots\" content=\"index, follow, max-snippet:-1, max-image-preview:large, max-video-preview:-1\" \/>\n<link rel=\"canonical\" href=\"https:\/\/izmirkaliteilaclama.com\/\" \/>\n<meta property=\"og:locale\" content=\"en_US\" \/>\n<meta property=\"og:type\" content=\"article\" \/>\n<meta property=\"og:title\" content=\"\u0130zmir Kalite \u0130la\u00e7lama &amp; Dezenfeksiyon - \u0130zmir Kalite Ha\u015fere, B\u00f6cek \u0130la\u00e7lama &amp; Dezenfeksiyon\" \/>\n<meta property=\"og:description\" content=\"\u0130zmirde ha\u015fere ve dezenfeksiyon hizmeti vermekteyiz. Granti sonu\u00e7lar i\u00e7in izmir kalite ila\u00e7lama ve dezenfeksiyon firmas\u0131 ile ileti\u015fime ge\u00e7in.\" \/>\n<meta property=\"og:url\" content=\"https:\/\/izmirkaliteilaclama.com\/\" \/>\n<meta property=\"og:site_name\" content=\"\u0130zmir Kalite Ha\u015fere, B\u00f6cek \u0130la\u00e7lama &amp; Dezenfeksiyon\" \/>\n<meta property=\"article:modified_time\" content=\"2023-01-30T19:27:17+00:00\" \/>\n<meta name=\"twitter:card\" content=\"summary_large_image\" \/>\n<script type=\"application\/ld+json\" class=\"yoast-schema-graph\">{\"@context\":\"https:\/\/schema.org\",\"@graph\":[{\"@type\":\"WebPage\",\"@id\":\"https:\/\/izmirkaliteilaclama.com\/\",\"url\":\"https:\/\/izmirkaliteilaclama.com\/\",\"name\":\"\u0130zmir Kalite \u0130la\u00e7lama & Dezenfeksiyon - \u0130zmir Kalite Ha\u015fere, B\u00f6cek \u0130la\u00e7lama &amp; Dezenfeksiyon\",\"isPartOf\":{\"@id\":\"https:\/\/izmirkaliteilaclama.com\/#website\"},\"datePublished\":\"2014-09-30T11:54:30+00:00\",\"dateModified\":\"2023-01-30T19:27:17+00:00\",\"description\":\"\u0130zmirde ha\u015fere ve dezenfeksiyon hizmeti vermekteyiz. Granti sonu\u00e7lar i\u00e7in izmir kalite ila\u00e7lama ve dezenfeksiyon firmas\u0131 ile ileti\u015fime ge\u00e7in.\",\"breadcrumb\":{\"@id\":\"https:\/\/izmirkaliteilaclama.com\/#breadcrumb\"},\"inLanguage\":\"en-US\",\"potentialAction\":[{\"@type\":\"ReadAction\",\"target\":[\"https:\/\/izmirkaliteilaclama.com\/\"]}]},{\"@type\":\"BreadcrumbList\",\"@id\":\"https:\/\/izmirkaliteilaclama.com\/#breadcrumb\",\"itemListElement\":[{\"@type\":\"ListItem\",\"position\":1,\"name\":\"Anasayfa\",\"item\":\"https:\/\/izmirkaliteilaclama.com\/\"},{\"@type\":\"ListItem\",\"position\":2,\"name\":\"\u0130zmir Kalite \u0130la\u00e7lama &#038; Dezenfeksiyon\"}]},{\"@type\":\"WebSite\",\"@id\":\"https:\/\/izmirkaliteilaclama.com\/#website\",\"url\":\"https:\/\/izmirkaliteilaclama.com\/\",\"name\":\"\u0130zmir Kalite Ha\u015fere, B\u00f6cek \u0130la\u00e7lama &amp; Dezenfeksiyon\",\"description\":\"\",\"potentialAction\":[{\"@type\":\"SearchAction\",\"target\":{\"@type\":\"EntryPoint\",\"urlTemplate\":\"https:\/\/izmirkaliteilaclama.com\/?s={search_term_string}\"},\"query-input\":\"required name=search_term_string\"}],\"inLanguage\":\"en-US\"}]}<\/script>\n<!-- \/ Yoast SEO plugin. -->","yoast_head_json":{"title":"\u0130zmir Kalite \u0130la\u00e7lama & Dezenfeksiyon - \u0130zmir Kalite Ha\u015fere, B\u00f6cek \u0130la\u00e7lama &amp; Dezenfeksiyon","description":"\u0130zmirde ha\u015fere ve dezenfeksiyon hizmeti vermekteyiz. Granti sonu\u00e7lar i\u00e7in izmir kalite ila\u00e7lama ve dezenfeksiyon firmas\u0131 ile ileti\u015fime ge\u00e7in.","robots":{"index":"index","follow":"follow","max-snippet":"max-snippet:-1","max-image-preview":"max-image-preview:large","max-video-preview":"max-video-preview:-1"},"canonical":"https:\/\/izmirkaliteilaclama.com\/","og_locale":"en_US","og_type":"article","og_title":"\u0130zmir Kalite \u0130la\u00e7lama & Dezenfeksiyon - \u0130zmir Kalite Ha\u015fere, B\u00f6cek \u0130la\u00e7lama &amp; Dezenfeksiyon","og_description":"\u0130zmirde ha\u015fere ve dezenfeksiyon hizmeti vermekteyiz. Granti sonu\u00e7lar i\u00e7in izmir kalite ila\u00e7lama ve dezenfeksiyon firmas\u0131 ile ileti\u015fime ge\u00e7in.","og_url":"https:\/\/izmirkaliteilaclama.com\/","og_site_name":"\u0130zmir Kalite Ha\u015fere, B\u00f6cek \u0130la\u00e7lama &amp; Dezenfeksiyon","article_modified_time":"2023-01-30T19:27:17+00:00","twitter_card":"summary_large_image","schema":{"@context":"https:\/\/schema.org","@graph":[{"@type":"WebPage","@id":"https:\/\/izmirkaliteilaclama.com\/","url":"https:\/\/izmirkaliteilaclama.com\/","name":"\u0130zmir Kalite \u0130la\u00e7lama & Dezenfeksiyon - \u0130zmir Kalite Ha\u015fere, B\u00f6cek \u0130la\u00e7lama &amp; Dezenfeksiyon","isPartOf":{"@id":"https:\/\/izmirkaliteilaclama.com\/#website"},"datePublished":"2014-09-30T11:54:30+00:00","dateModified":"2023-01-30T19:27:17+00:00","description":"\u0130zmirde ha\u015fere ve dezenfeksiyon hizmeti vermekteyiz. Granti sonu\u00e7lar i\u00e7in izmir kalite ila\u00e7lama ve dezenfeksiyon firmas\u0131 ile ileti\u015fime ge\u00e7in.","breadcrumb":{"@id":"https:\/\/izmirkaliteilaclama.com\/#breadcrumb"},"inLanguage":"en-US","potentialAction":[{"@type":"ReadAction","target":["https:\/\/izmirkaliteilaclama.com\/"]}]},{"@type":"BreadcrumbList","@id":"https:\/\/izmirkaliteilaclama.com\/#breadcrumb","itemListElement":[{"@type":"ListItem","position":1,"name":"Anasayfa","item":"https:\/\/izmirkaliteilaclama.com\/"},{"@type":"ListItem","position":2,"name":"\u0130zmir Kalite \u0130la\u00e7lama &#038; Dezenfeksiyon"}]},{"@type":"WebSite","@id":"https:\/\/izmirkaliteilaclama.com\/#website","url":"https:\/\/izmirkaliteilaclama.com\/","name":"\u0130zmir Kalite Ha\u015fere, B\u00f6cek \u0130la\u00e7lama &amp; Dezenfeksiyon","description":"","potentialAction":[{"@type":"SearchAction","target":{"@type":"EntryPoint","urlTemplate":"https:\/\/izmirkaliteilaclama.com\/?s={search_term_string}"},"query-input":"required name=search_term_string"}],"inLanguage":"en-US"}]}},"_links":{"self":[{"href":"https:\/\/izmirkaliteilaclama.com\/index.php\/wp-json\/wp\/v2\/pages\/79"}],"collection":[{"href":"https:\/\/izmirkaliteilaclama.com\/index.php\/wp-json\/wp\/v2\/pages"}],"about":[{"href":"https:\/\/izmirkaliteilaclama.com\/index.php\/wp-json\/wp\/v2\/types\/page"}],"author":[{"embeddable":true,"href":"https:\/\/izmirkaliteilaclama.com\/index.php\/wp-json\/wp\/v2\/users\/1"}],"replies":[{"embeddable":true,"href":"https:\/\/izmirkaliteilaclama.com\/index.php\/wp-json\/wp\/v2\/comments?post=79"}],"version-history":[{"count":10,"href":"https:\/\/izmirkaliteilaclama.com\/index.php\/wp-json\/wp\/v2\/pages\/79\/revisions"}],"predecessor-version":[{"id":221,"href":"https:\/\/izmirkaliteilaclama.com\/index.php\/wp-json\/wp\/v2\/pages\/79\/revisions\/221"}],"wp:attachment":[{"href":"https:\/\/izmirkaliteilaclama.com\/index.php\/wp-json\/wp\/v2\/media?parent=79"}],"curies":[{"name":"wp","href":"https:\/\/api.w.org\/{rel}","templated":true}]}}