{"id":14,"date":"2014-10-02T07:50:02","date_gmt":"2014-10-02T04:50:02","guid":{"rendered":"http:\/\/themes.muffingroup.com\/be\/plumber\/?page_id=14"},"modified":"2023-09-02T14:09:53","modified_gmt":"2023-09-02T11:09:53","slug":"iletisim","status":"publish","type":"page","link":"https:\/\/izmirkaliteilaclama.com\/index.php\/iletisim\/","title":{"rendered":"\u0130leti\u015fim"},"content":{"rendered":"","protected":false},"excerpt":{"rendered":"","protected":false},"author":1,"featured_media":0,"parent":0,"menu_order":0,"comment_status":"open","ping_status":"closed","template":"","meta":{"footnotes":""},"yoast_head":"<!-- This site is optimized with the Yoast SEO plugin v19.13 - https:\/\/yoast.com\/wordpress\/plugins\/seo\/ -->\n<title>\u0130leti\u015fim - \u0130zmir Kalite Ha\u015fere, B\u00f6cek \u0130la\u00e7lama &amp; Dezenfeksiyon<\/title>\n<meta name=\"robots\" content=\"index, follow, max-snippet:-1, max-image-preview:large, max-video-preview:-1\" \/>\n<link rel=\"canonical\" href=\"https:\/\/izmirkaliteilaclama.com\/index.php\/iletisim\/\" \/>\n<meta property=\"og:locale\" content=\"en_US\" \/>\n<meta property=\"og:type\" content=\"article\" \/>\n<meta property=\"og:title\" content=\"\u0130leti\u015fim - \u0130zmir Kalite Ha\u015fere, B\u00f6cek \u0130la\u00e7lama &amp; Dezenfeksiyon\" \/>\n<meta property=\"og:url\" content=\"https:\/\/izmirkaliteilaclama.com\/index.php\/iletisim\/\" \/>\n<meta property=\"og:site_name\" content=\"\u0130zmir Kalite Ha\u015fere, B\u00f6cek \u0130la\u00e7lama &amp; Dezenfeksiyon\" \/>\n<meta property=\"article:modified_time\" content=\"2023-09-02T11:09:53+00:00\" \/>\n<meta name=\"twitter:card\" content=\"summary_large_image\" \/>\n<script type=\"application\/ld+json\" class=\"yoast-schema-graph\">{\"@context\":\"https:\/\/schema.org\",\"@graph\":[{\"@type\":\"WebPage\",\"@id\":\"https:\/\/izmirkaliteilaclama.com\/index.php\/iletisim\/\",\"url\":\"https:\/\/izmirkaliteilaclama.com\/index.php\/iletisim\/\",\"name\":\"\u0130leti\u015fim - \u0130zmir Kalite Ha\u015fere, B\u00f6cek \u0130la\u00e7lama &amp; Dezenfeksiyon\",\"isPartOf\":{\"@id\":\"https:\/\/izmirkaliteilaclama.com\/#website\"},\"datePublished\":\"2014-10-02T04:50:02+00:00\",\"dateModified\":\"2023-09-02T11:09:53+00:00\",\"breadcrumb\":{\"@id\":\"https:\/\/izmirkaliteilaclama.com\/index.php\/iletisim\/#breadcrumb\"},\"inLanguage\":\"en-US\",\"potentialAction\":[{\"@type\":\"ReadAction\",\"target\":[\"https:\/\/izmirkaliteilaclama.com\/index.php\/iletisim\/\"]}]},{\"@type\":\"BreadcrumbList\",\"@id\":\"https:\/\/izmirkaliteilaclama.com\/index.php\/iletisim\/#breadcrumb\",\"itemListElement\":[{\"@type\":\"ListItem\",\"position\":1,\"name\":\"Anasayfa\",\"item\":\"https:\/\/izmirkaliteilaclama.com\/\"},{\"@type\":\"ListItem\",\"position\":2,\"name\":\"\u0130leti\u015fim\"}]},{\"@type\":\"WebSite\",\"@id\":\"https:\/\/izmirkaliteilaclama.com\/#website\",\"url\":\"https:\/\/izmirkaliteilaclama.com\/\",\"name\":\"\u0130zmir Kalite Ha\u015fere, B\u00f6cek \u0130la\u00e7lama &amp; Dezenfeksiyon\",\"description\":\"\",\"potentialAction\":[{\"@type\":\"SearchAction\",\"target\":{\"@type\":\"EntryPoint\",\"urlTemplate\":\"https:\/\/izmirkaliteilaclama.com\/?s={search_term_string}\"},\"query-input\":\"required name=search_term_string\"}],\"inLanguage\":\"en-US\"}]}<\/script>\n<!-- \/ Yoast SEO plugin. -->","yoast_head_json":{"title":"\u0130leti\u015fim - \u0130zmir Kalite Ha\u015fere, B\u00f6cek \u0130la\u00e7lama &amp; Dezenfeksiyon","robots":{"index":"index","follow":"follow","max-snippet":"max-snippet:-1","max-image-preview":"max-image-preview:large","max-video-preview":"max-video-preview:-1"},"canonical":"https:\/\/izmirkaliteilaclama.com\/index.php\/iletisim\/","og_locale":"en_US","og_type":"article","og_title":"\u0130leti\u015fim - \u0130zmir Kalite Ha\u015fere, B\u00f6cek \u0130la\u00e7lama &amp; Dezenfeksiyon","og_url":"https:\/\/izmirkaliteilaclama.com\/index.php\/iletisim\/","og_site_name":"\u0130zmir Kalite Ha\u015fere, B\u00f6cek \u0130la\u00e7lama &amp; Dezenfeksiyon","article_modified_time":"2023-09-02T11:09:53+00:00","twitter_card":"summary_large_image","schema":{"@context":"https:\/\/schema.org","@graph":[{"@type":"WebPage","@id":"https:\/\/izmirkaliteilaclama.com\/index.php\/iletisim\/","url":"https:\/\/izmirkaliteilaclama.com\/index.php\/iletisim\/","name":"\u0130leti\u015fim - \u0130zmir Kalite Ha\u015fere, B\u00f6cek \u0130la\u00e7lama &amp; Dezenfeksiyon","isPartOf":{"@id":"https:\/\/izmirkaliteilaclama.com\/#website"},"datePublished":"2014-10-02T04:50:02+00:00","dateModified":"2023-09-02T11:09:53+00:00","breadcrumb":{"@id":"https:\/\/izmirkaliteilaclama.com\/index.php\/iletisim\/#breadcrumb"},"inLanguage":"en-US","potentialAction":[{"@type":"ReadAction","target":["https:\/\/izmirkaliteilaclama.com\/index.php\/iletisim\/"]}]},{"@type":"BreadcrumbList","@id":"https:\/\/izmirkaliteilaclama.com\/index.php\/iletisim\/#breadcrumb","itemListElement":[{"@type":"ListItem","position":1,"name":"Anasayfa","item":"https:\/\/izmirkaliteilaclama.com\/"},{"@type":"ListItem","position":2,"name":"\u0130leti\u015fim"}]},{"@type":"WebSite","@id":"https:\/\/izmirkaliteilaclama.com\/#website","url":"https:\/\/izmirkaliteilaclama.com\/","name":"\u0130zmir Kalite Ha\u015fere, B\u00f6cek \u0130la\u00e7lama &amp; Dezenfeksiyon","description":"","potentialAction":[{"@type":"SearchAction","target":{"@type":"EntryPoint","urlTemplate":"https:\/\/izmirkaliteilaclama.com\/?s={search_term_string}"},"query-input":"required name=search_term_string"}],"inLanguage":"en-US"}]}},"_links":{"self":[{"href":"https:\/\/izmirkaliteilaclama.com\/index.php\/wp-json\/wp\/v2\/pages\/14"}],"collection":[{"href":"https:\/\/izmirkaliteilaclama.com\/index.php\/wp-json\/wp\/v2\/pages"}],"about":[{"href":"https:\/\/izmirkaliteilaclama.com\/index.php\/wp-json\/wp\/v2\/types\/page"}],"author":[{"embeddable":true,"href":"https:\/\/izmirkaliteilaclama.com\/index.php\/wp-json\/wp\/v2\/users\/1"}],"replies":[{"embeddable":true,"href":"https:\/\/izmirkaliteilaclama.com\/index.php\/wp-json\/wp\/v2\/comments?post=14"}],"version-history":[{"count":1,"href":"https:\/\/izmirkaliteilaclama.com\/index.php\/wp-json\/wp\/v2\/pages\/14\/revisions"}],"predecessor-version":[{"id":255,"href":"https:\/\/izmirkaliteilaclama.com\/index.php\/wp-json\/wp\/v2\/pages\/14\/revisions\/255"}],"wp:attachment":[{"href":"https:\/\/izmirkaliteilaclama.com\/index.php\/wp-json\/wp\/v2\/media?parent=14"}],"curies":[{"name":"wp","href":"https:\/\/api.w.org\/{rel}","templated":true}]}}